{"id":9853,"date":"2021-04-30T17:37:06","date_gmt":"2021-04-30T15:37:06","guid":{"rendered":"https:\/\/blownaway-movie.de\/soundtrack\/rio\/"},"modified":"2021-05-11T12:25:58","modified_gmt":"2021-05-11T10:25:58","slug":"rio","status":"publish","type":"page","link":"https:\/\/blownaway-movie.de\/en\/soundtrack\/rio\/","title":{"rendered":"Rio"},"content":{"rendered":"<section class=\"wpb-content-wrapper\">[vc_row][vc_column]<div class=\"vcex-heading vcex-heading-plain vcex-module wpex-heading wpex-text-2xl\"><span class=\"vcex-heading-inner wpex-inline-block\">Rio (from the Album Songs for Marianne)<\/span><\/div>[vc_column_text]\n<p>Written and performed by: Luciana de Lucena<\/p>\n[\/vc_column_text][\/vc_column][\/vc_row][vc_row][vc_column width=&#8221;1\/2&#8243;][vc_column_text responsive_text=&#8221;true&#8221; font_size=&#8221;24&#8243;]This wonderful song by Luciana de Lucena was recorded with 5 musicians in Brazil, USA and Cuba.[\/vc_column_text][\/vc_column][vc_column width=&#8221;1\/2&#8243;][vc_raw_html]JTNDaWZyYW1lJTIwc3R5bGUlM0QlMjJib3JkZXIlM0ElMjAwJTNCJTIwd2lkdGglM0ElMjAxMDAlMjUlM0IlMjBoZWlnaHQlM0ElMjAxMjBweCUzQiUyMiUyMHNyYyUzRCUyMmh0dHBzJTNBJTJGJTJGYmFuZGNhbXAuY29tJTJGRW1iZWRkZWRQbGF5ZXIlMkZhbGJ1bSUzRDI3MzUwMzQ0NDUlMkZzaXplJTNEbGFyZ2UlMkZiZ2NvbCUzRGZmZmZmZiUyRmxpbmtjb2wlM0QwNjg3ZjUlMkZ0cmFja2xpc3QlM0RmYWxzZSUyRmFydHdvcmslM0RzbWFsbCUyRnRyYWNrJTNEMTI1MTUzNjAzMyUyRnRyYW5zcGFyZW50JTNEdHJ1ZSUyRiUyMiUyMHNlYW1sZXNzJTNFJTNDYSUyMGhyZWYlM0QlMjJodHRwcyUzQSUyRiUyRnNhaWxpbmdjb25kdWN0b3JzLmJhbmRjYW1wLmNvbSUyRmFsYnVtJTJGc29uZ3MtZm9yLW1hcmlhbm5lJTIyJTNFU29uZ3MlMjBmb3IlMjBNYXJpYW5uZSUyMGJ5JTIwU2FpbGluZyUyMENvbmR1Y3RvcnMlM0MlMkZhJTNFJTNDJTJGaWZyYW1lJTNF[\/vc_raw_html][\/vc_column][\/vc_row][vc_row][vc_column]<style> style=\"height:10px;\"<\/style><div class=\"vcex-spacing wpex-w-100 wpex-clear\" style=\"height:10px;\"><\/div>[\/vc_column][\/vc_row][vc_row][vc_column width=&#8221;1\/2&#8243;]<div class=\"vcex-heading vcex-heading-plain vcex-module wpex-heading wpex-text-2xl\"><span class=\"vcex-heading-inner wpex-inline-block\">Lyrics:<\/span><\/div><style> style=\"height:10px;\"<\/style><div class=\"vcex-spacing wpex-w-100 wpex-clear\" style=\"height:10px;\"><\/div>[vc_column_text responsive_text=&#8221;true&#8221; font_size=&#8221;21&#8243;]Pelo v\u00e3o da tarde<br \/>\nTudo pede Mate<br \/>\nBiscoito Globo e o sal<br \/>\nE se a chuva chega cedo eu tenho muito medo<br \/>\nMe escondo e seco em voc\u00ea<br \/>\nTudo tem lembran\u00e7a, dan\u00e7a e pede um samba pra ninar algu\u00e9m<br \/>\nTudo tem segredo e jeito de quem quer pagar pra ver<br \/>\nSamba enredo, fevereiro e tal<br \/>\nMeu veneno \u00e9 ser do carnaval<br \/>\nEu saio pra ver o dia nascer e tal[\/vc_column_text][\/vc_column][vc_column width=&#8221;1\/2&#8243;]<div class=\"vcex-heading vcex-heading-plain vcex-module wpex-heading wpex-text-2xl\"><span class=\"vcex-heading-inner wpex-inline-block\">Musicians:<\/span><\/div><style> style=\"height:10px;\"<\/style><div class=\"vcex-spacing wpex-w-100 wpex-clear\" style=\"height:10px;\"><\/div><div class=\"vcex-module vcex-staff-grid-wrap wpex-clr\"><div class=\"wpex-row vcex-staff-grid entries wpex-clr match-height-grid\"><div class=\"staff-entry vcex-grid-item span_1_of_2 col col-1  wpb_animate_when_almost_visible wpb_zoomIn zoomIn post-10186 entry type-staff has-media cat-113 cat-114 translation_priority-78\"><div class=\"staff-entry-inner entry-inner wpex-first-mt-0 wpex-last-mb-0 wpex-clr\"><div class=\"staff-entry-media entry-media\"><a href=\"https:\/\/blownaway-movie.de\/en\/friends\/luciana-de-lucena\/\" title=\"Luciana de Lucena\" class=\"staff-entry-media-link\"><img decoding=\"async\" width=\"1920\" height=\"1080\" src=\"https:\/\/blownaway-movie.de\/wp-content\/uploads\/2021\/03\/luciana-de-lucena.jpg\" class=\"staff-entry-media-img staff-entry-img wpex-align-middle wpex-align-middle\" alt=\"Luciana de Lucena\" loading=\"lazy\" srcset=\"https:\/\/blownaway-movie.de\/wp-content\/uploads\/2021\/03\/luciana-de-lucena.jpg 1920w, https:\/\/blownaway-movie.de\/wp-content\/uploads\/2021\/03\/luciana-de-lucena-300x169.jpg 300w, https:\/\/blownaway-movie.de\/wp-content\/uploads\/2021\/03\/luciana-de-lucena-1024x576.jpg 1024w, https:\/\/blownaway-movie.de\/wp-content\/uploads\/2021\/03\/luciana-de-lucena-768x432.jpg 768w, https:\/\/blownaway-movie.de\/wp-content\/uploads\/2021\/03\/luciana-de-lucena-1536x864.jpg 1536w, https:\/\/blownaway-movie.de\/wp-content\/uploads\/2021\/03\/luciana-de-lucena-600x338.jpg 600w, https:\/\/blownaway-movie.de\/wp-content\/uploads\/2021\/03\/luciana-de-lucena-1500x844.jpg 1500w\" sizes=\"auto, (max-width: 1920px) 100vw, 1920px\" \/><\/a><\/div><div class=\"staff-entry-details entry-details wpex-boxed wpex-first-mt-0 wpex-last-mb-0 wpex-clr\"><div class=\"match-height-content\"><h2 class=\"staff-entry-title entry-title wpex-mb-5\"><a href=\"https:\/\/blownaway-movie.de\/en\/friends\/luciana-de-lucena\/\">Luciana de Lucena<\/a><\/h2><div class=\"staff-entry-categories entry-categories wpex-text-sm wpex-leading-tight wpex-text-3 wpex-child-inherit-color wpex-mb-5\"\"><a class=\"term-113\" href=\"https:\/\/blownaway-movie.de\/en\/friends-tag\/rio\/\">Rio<\/a><\/div><div class=\"staff-entry-social-links wpex-clr\"><div class=\"staff-social wpex-social-btns wpex-mt-10 wpex-last-mr-0\"><a href=\"https:\/\/de-de.facebook.com\/lucianalucenaloc\" class=\"wpex-facebook wpex-social-btn wpex-social-bg wpex-social-btn-graphical wpex-mr-5 wpex-mt-5\" target=\"_blank\" rel=\"noopener noreferrer\"><span class=\"ticon ticon-facebook\" aria-hidden=\"true\"><\/span><span class=\"screen-reader-text\">Facebook<\/span><\/a><\/div><\/div><\/div><\/div><\/div><\/div><div class=\"staff-entry vcex-grid-item span_1_of_2 col col-2  wpb_animate_when_almost_visible wpb_zoomIn zoomIn post-10194 entry type-staff has-media cat-105 cat-92 cat-113 cat-114 translation_priority-78\"><div class=\"staff-entry-inner entry-inner wpex-first-mt-0 wpex-last-mb-0 wpex-clr\"><div class=\"staff-entry-media entry-media\"><a href=\"https:\/\/blownaway-movie.de\/en\/friends\/thales-branche\/\" title=\"Thales Branche\" class=\"staff-entry-media-link\"><img decoding=\"async\" width=\"1920\" height=\"1080\" src=\"https:\/\/blownaway-movie.de\/wp-content\/uploads\/2021\/03\/Thales-Branche-1.jpg\" class=\"staff-entry-media-img staff-entry-img wpex-align-middle wpex-align-middle\" alt=\"\" loading=\"lazy\" srcset=\"https:\/\/blownaway-movie.de\/wp-content\/uploads\/2021\/03\/Thales-Branche-1.jpg 1920w, https:\/\/blownaway-movie.de\/wp-content\/uploads\/2021\/03\/Thales-Branche-1-300x169.jpg 300w, https:\/\/blownaway-movie.de\/wp-content\/uploads\/2021\/03\/Thales-Branche-1-1024x576.jpg 1024w, https:\/\/blownaway-movie.de\/wp-content\/uploads\/2021\/03\/Thales-Branche-1-768x432.jpg 768w, https:\/\/blownaway-movie.de\/wp-content\/uploads\/2021\/03\/Thales-Branche-1-1536x864.jpg 1536w, https:\/\/blownaway-movie.de\/wp-content\/uploads\/2021\/03\/Thales-Branche-1-600x338.jpg 600w, https:\/\/blownaway-movie.de\/wp-content\/uploads\/2021\/03\/Thales-Branche-1-1500x844.jpg 1500w\" sizes=\"auto, (max-width: 1920px) 100vw, 1920px\" \/><\/a><\/div><div class=\"staff-entry-details entry-details wpex-boxed wpex-first-mt-0 wpex-last-mb-0 wpex-clr\"><div class=\"match-height-content\"><h2 class=\"staff-entry-title entry-title wpex-mb-5\"><a href=\"https:\/\/blownaway-movie.de\/en\/friends\/thales-branche\/\">Thales Branche<\/a><\/h2><div class=\"staff-entry-categories entry-categories wpex-text-sm wpex-leading-tight wpex-text-3 wpex-child-inherit-color wpex-mb-5\"\"><a class=\"term-105\" href=\"https:\/\/blownaway-movie.de\/en\/friends-tag\/lazy-afternoon\/\">Lazy Afternoon<\/a>, <a class=\"term-113\" href=\"https:\/\/blownaway-movie.de\/en\/friends-tag\/rio\/\">Rio<\/a><\/div><div class=\"staff-entry-social-links wpex-clr\"><div class=\"staff-social wpex-social-btns wpex-mt-10 wpex-last-mr-0\"><a href=\"https:\/\/www.facebook.com\/thales.branche\" class=\"wpex-facebook wpex-social-btn wpex-social-bg wpex-social-btn-graphical wpex-mr-5 wpex-mt-5\" target=\"_blank\" rel=\"noopener noreferrer\"><span class=\"ticon ticon-facebook\" aria-hidden=\"true\"><\/span><span class=\"screen-reader-text\">Facebook<\/span><\/a><a href=\"https:\/\/www.instagram.com\/thalesbranche\/?hl=en\" class=\"wpex-instagram wpex-social-btn wpex-social-bg wpex-social-btn-graphical wpex-mr-5 wpex-mt-5\" target=\"_blank\" rel=\"noopener noreferrer\"><span class=\"ticon ticon-instagram\" aria-hidden=\"true\"><\/span><span class=\"screen-reader-text\">Instagram<\/span><\/a><\/div><\/div><\/div><\/div><\/div><\/div><div class=\"staff-entry vcex-grid-item span_1_of_2 col col-1  wpb_animate_when_almost_visible wpb_zoomIn zoomIn post-10215 entry type-staff has-media cat-117 cat-114 cat-113 translation_priority-78\"><div class=\"staff-entry-inner entry-inner wpex-first-mt-0 wpex-last-mb-0 wpex-clr\"><div class=\"staff-entry-media entry-media\"><a href=\"https:\/\/blownaway-movie.de\/en\/friends\/david-cowen\/\" title=\"David Cowen\" class=\"staff-entry-media-link\"><img decoding=\"async\" width=\"1920\" height=\"1080\" src=\"https:\/\/blownaway-movie.de\/wp-content\/uploads\/2021\/03\/david-cowen.jpg\" class=\"staff-entry-media-img staff-entry-img wpex-align-middle wpex-align-middle\" alt=\"David Cowen\" loading=\"lazy\" srcset=\"https:\/\/blownaway-movie.de\/wp-content\/uploads\/2021\/03\/david-cowen.jpg 1920w, https:\/\/blownaway-movie.de\/wp-content\/uploads\/2021\/03\/david-cowen-300x169.jpg 300w, https:\/\/blownaway-movie.de\/wp-content\/uploads\/2021\/03\/david-cowen-1024x576.jpg 1024w, https:\/\/blownaway-movie.de\/wp-content\/uploads\/2021\/03\/david-cowen-768x432.jpg 768w, https:\/\/blownaway-movie.de\/wp-content\/uploads\/2021\/03\/david-cowen-1536x864.jpg 1536w, https:\/\/blownaway-movie.de\/wp-content\/uploads\/2021\/03\/david-cowen-600x338.jpg 600w, https:\/\/blownaway-movie.de\/wp-content\/uploads\/2021\/03\/david-cowen-1500x844.jpg 1500w\" sizes=\"auto, (max-width: 1920px) 100vw, 1920px\" \/><\/a><\/div><div class=\"staff-entry-details entry-details wpex-boxed wpex-first-mt-0 wpex-last-mb-0 wpex-clr\"><div class=\"match-height-content\"><h2 class=\"staff-entry-title entry-title wpex-mb-5\"><a href=\"https:\/\/blownaway-movie.de\/en\/friends\/david-cowen\/\">David Cowen<\/a><\/h2><div class=\"staff-entry-categories entry-categories wpex-text-sm wpex-leading-tight wpex-text-3 wpex-child-inherit-color wpex-mb-5\"\"><a class=\"term-117\" href=\"https:\/\/blownaway-movie.de\/en\/friends-tag\/nocturne\/\">Nocturne<\/a>, <a class=\"term-113\" href=\"https:\/\/blownaway-movie.de\/en\/friends-tag\/rio\/\">Rio<\/a><\/div><div class=\"staff-entry-social-links wpex-clr\"><div class=\"staff-social wpex-social-btns wpex-mt-10 wpex-last-mr-0\"><a href=\"https:\/\/www.facebook.com\/dcowen01\" class=\"wpex-facebook wpex-social-btn wpex-social-bg wpex-social-btn-graphical wpex-mr-5 wpex-mt-5\" target=\"_blank\" rel=\"noopener noreferrer\"><span class=\"ticon ticon-facebook\" aria-hidden=\"true\"><\/span><span class=\"screen-reader-text\">Facebook<\/span><\/a><\/div><\/div><\/div><\/div><\/div><\/div><div class=\"staff-entry vcex-grid-item span_1_of_2 col col-2  wpb_animate_when_almost_visible wpb_zoomIn zoomIn post-10249 entry type-staff has-media tag-90 cat-91 cat-92 cat-113 cat-114 translation_priority-78\"><div class=\"staff-entry-inner entry-inner wpex-first-mt-0 wpex-last-mb-0 wpex-clr\"><div class=\"staff-entry-media entry-media\"><a href=\"https:\/\/blownaway-movie.de\/en\/friends\/moniek-de-leeuw\/\" title=\"Moniek De Leeuw\" class=\"staff-entry-media-link\"><img decoding=\"async\" width=\"1920\" height=\"1080\" src=\"https:\/\/blownaway-movie.de\/wp-content\/uploads\/2021\/03\/monie-deleeuw.jpg\" class=\"staff-entry-media-img staff-entry-img wpex-align-middle wpex-align-middle\" alt=\"Moniek De Leeuw\" loading=\"lazy\" srcset=\"https:\/\/blownaway-movie.de\/wp-content\/uploads\/2021\/03\/monie-deleeuw.jpg 1920w, https:\/\/blownaway-movie.de\/wp-content\/uploads\/2021\/03\/monie-deleeuw-300x169.jpg 300w, https:\/\/blownaway-movie.de\/wp-content\/uploads\/2021\/03\/monie-deleeuw-1024x576.jpg 1024w, https:\/\/blownaway-movie.de\/wp-content\/uploads\/2021\/03\/monie-deleeuw-768x432.jpg 768w, https:\/\/blownaway-movie.de\/wp-content\/uploads\/2021\/03\/monie-deleeuw-1536x864.jpg 1536w, https:\/\/blownaway-movie.de\/wp-content\/uploads\/2021\/03\/monie-deleeuw-600x338.jpg 600w, https:\/\/blownaway-movie.de\/wp-content\/uploads\/2021\/03\/monie-deleeuw-1500x844.jpg 1500w\" sizes=\"auto, (max-width: 1920px) 100vw, 1920px\" \/><\/a><\/div><div class=\"staff-entry-details entry-details wpex-boxed wpex-first-mt-0 wpex-last-mb-0 wpex-clr\"><div class=\"match-height-content\"><h2 class=\"staff-entry-title entry-title wpex-mb-5\"><a href=\"https:\/\/blownaway-movie.de\/en\/friends\/moniek-de-leeuw\/\">Moniek De Leeuw<\/a><\/h2><div class=\"staff-entry-categories entry-categories wpex-text-sm wpex-leading-tight wpex-text-3 wpex-child-inherit-color wpex-mb-5\"\"><a class=\"term-91\" href=\"https:\/\/blownaway-movie.de\/en\/friends-tag\/radiate\/\">Radiate<\/a>, <a class=\"term-113\" href=\"https:\/\/blownaway-movie.de\/en\/friends-tag\/rio\/\">Rio<\/a><\/div><div class=\"staff-entry-social-links wpex-clr\"><div class=\"staff-social wpex-social-btns wpex-mt-10 wpex-last-mr-0\"><a href=\"https:\/\/www.facebook.com\/moniek.deleeuw.9\" class=\"wpex-facebook wpex-social-btn wpex-social-bg wpex-social-btn-graphical wpex-mr-5 wpex-mt-5\" target=\"_blank\" rel=\"noopener noreferrer\"><span class=\"ticon ticon-facebook\" aria-hidden=\"true\"><\/span><span class=\"screen-reader-text\">Facebook<\/span><\/a><a href=\"https:\/\/www.moniekdeleeuw.com\/\" class=\"wpex-website wpex-social-btn wpex-social-bg wpex-social-btn-graphical wpex-mr-5 wpex-mt-5\" target=\"_blank\" rel=\"noopener noreferrer\"><span class=\"ticon ticon-external-link-square\" aria-hidden=\"true\"><\/span><span class=\"screen-reader-text\">Website<\/span><\/a><\/div><\/div><\/div><\/div><\/div><\/div><div class=\"staff-entry vcex-grid-item span_1_of_2 col col-1  wpb_animate_when_almost_visible wpb_zoomIn zoomIn post-10291 entry type-staff has-media cat-93 cat-92 cat-132 cat-120 cat-111 cat-95 cat-105 cat-100 cat-118 cat-114 cat-116 cat-91 cat-113 cat-102 translation_priority-78\"><div class=\"staff-entry-inner entry-inner wpex-first-mt-0 wpex-last-mb-0 wpex-clr\"><div class=\"staff-entry-media entry-media\"><a href=\"https:\/\/blownaway-movie.de\/en\/friends\/ben-schaschek\/\" title=\"Ben Schaschek\" class=\"staff-entry-media-link\"><img decoding=\"async\" width=\"1920\" height=\"1080\" src=\"https:\/\/blownaway-movie.de\/wp-content\/uploads\/2021\/04\/SC-2-1.jpg\" class=\"staff-entry-media-img staff-entry-img wpex-align-middle wpex-align-middle\" alt=\"Ben Schaschek\" loading=\"lazy\" srcset=\"https:\/\/blownaway-movie.de\/wp-content\/uploads\/2021\/04\/SC-2-1.jpg 1920w, https:\/\/blownaway-movie.de\/wp-content\/uploads\/2021\/04\/SC-2-1-300x169.jpg 300w, https:\/\/blownaway-movie.de\/wp-content\/uploads\/2021\/04\/SC-2-1-1024x576.jpg 1024w, https:\/\/blownaway-movie.de\/wp-content\/uploads\/2021\/04\/SC-2-1-768x432.jpg 768w, https:\/\/blownaway-movie.de\/wp-content\/uploads\/2021\/04\/SC-2-1-1536x864.jpg 1536w, https:\/\/blownaway-movie.de\/wp-content\/uploads\/2021\/04\/SC-2-1-600x338.jpg 600w, https:\/\/blownaway-movie.de\/wp-content\/uploads\/2021\/04\/SC-2-1-1500x844.jpg 1500w\" sizes=\"auto, (max-width: 1920px) 100vw, 1920px\" \/><\/a><\/div><div class=\"staff-entry-details entry-details wpex-boxed wpex-first-mt-0 wpex-last-mb-0 wpex-clr\"><div class=\"match-height-content\"><h2 class=\"staff-entry-title entry-title wpex-mb-5\"><a href=\"https:\/\/blownaway-movie.de\/en\/friends\/ben-schaschek\/\">Ben Schaschek<\/a><\/h2><div class=\"staff-entry-categories entry-categories wpex-text-sm wpex-leading-tight wpex-text-3 wpex-child-inherit-color wpex-mb-5\"\"><a class=\"term-93\" href=\"https:\/\/blownaway-movie.de\/en\/friends-tag\/all-that-im-leaving-here\/\">All That I&#039;m Leaving Here<\/a>, <a class=\"term-132\" href=\"https:\/\/blownaway-movie.de\/en\/friends-tag\/being-slow\/\">Being Slow<\/a>, <a class=\"term-111\" href=\"https:\/\/blownaway-movie.de\/en\/friends-tag\/beth\/\">Beth<\/a>, <a class=\"term-95\" href=\"https:\/\/blownaway-movie.de\/en\/friends-tag\/kalighata\/\">Kalighata (Rain Clouds)<\/a>, <a class=\"term-105\" href=\"https:\/\/blownaway-movie.de\/en\/friends-tag\/lazy-afternoon\/\">Lazy Afternoon<\/a>, <a class=\"term-100\" href=\"https:\/\/blownaway-movie.de\/en\/friends-tag\/life\/\">Life<\/a>, <a class=\"term-118\" href=\"https:\/\/blownaway-movie.de\/en\/friends-tag\/love-me-crazy\/\">Love Me Crazy<\/a>, <a class=\"term-116\" href=\"https:\/\/blownaway-movie.de\/en\/friends-tag\/peregrine-nation\/\">Peregrine Nation<\/a>, <a class=\"term-91\" href=\"https:\/\/blownaway-movie.de\/en\/friends-tag\/radiate\/\">Radiate<\/a>, <a class=\"term-113\" href=\"https:\/\/blownaway-movie.de\/en\/friends-tag\/rio\/\">Rio<\/a>, <a class=\"term-102\" href=\"https:\/\/blownaway-movie.de\/en\/friends-tag\/travelling-man\/\">Travelling Man<\/a><\/div><div class=\"staff-entry-social-links wpex-clr\"><div class=\"staff-social wpex-social-btns wpex-mt-10 wpex-last-mr-0\"><a href=\"https:\/\/www.facebook.com\/SailingConductors\" class=\"wpex-facebook wpex-social-btn wpex-social-bg wpex-social-btn-graphical wpex-mr-5 wpex-mt-5\" target=\"_blank\" rel=\"noopener noreferrer\"><span class=\"ticon ticon-facebook\" aria-hidden=\"true\"><\/span><span class=\"screen-reader-text\">Facebook<\/span><\/a><a href=\"https:\/\/www.instagram.com\/sailingconductors\/?hl=en\" class=\"wpex-instagram wpex-social-btn wpex-social-bg wpex-social-btn-graphical wpex-mr-5 wpex-mt-5\" target=\"_blank\" rel=\"noopener noreferrer\"><span class=\"ticon ticon-instagram\" aria-hidden=\"true\"><\/span><span class=\"screen-reader-text\">Instagram<\/span><\/a><a href=\"https:\/\/sailingconductors.com\/\" class=\"wpex-website wpex-social-btn wpex-social-bg wpex-social-btn-graphical wpex-mr-5 wpex-mt-5\" target=\"_blank\" rel=\"noopener noreferrer\"><span class=\"ticon ticon-external-link-square\" aria-hidden=\"true\"><\/span><span class=\"screen-reader-text\">Website<\/span><\/a><\/div><\/div><\/div><\/div><\/div><\/div><div class=\"staff-entry vcex-grid-item span_1_of_2 col col-2  wpb_animate_when_almost_visible wpb_zoomIn zoomIn post-10635 entry type-staff has-media cat-113 cat-114 translation_priority-78\"><div class=\"staff-entry-inner entry-inner wpex-first-mt-0 wpex-last-mb-0 wpex-clr\"><div class=\"staff-entry-media entry-media\"><a href=\"https:\/\/blownaway-movie.de\/en\/friends\/alejandro-luis-esteban\/\" title=\"Alejandro Luis Esteban\" class=\"staff-entry-media-link\"><img decoding=\"async\" width=\"1920\" height=\"1080\" src=\"https:\/\/blownaway-movie.de\/wp-content\/uploads\/2021\/04\/alejandro-luis-esteban.jpg\" class=\"staff-entry-media-img staff-entry-img wpex-align-middle wpex-align-middle\" alt=\"\" loading=\"lazy\" srcset=\"https:\/\/blownaway-movie.de\/wp-content\/uploads\/2021\/04\/alejandro-luis-esteban.jpg 1920w, https:\/\/blownaway-movie.de\/wp-content\/uploads\/2021\/04\/alejandro-luis-esteban-300x169.jpg 300w, https:\/\/blownaway-movie.de\/wp-content\/uploads\/2021\/04\/alejandro-luis-esteban-1024x576.jpg 1024w, https:\/\/blownaway-movie.de\/wp-content\/uploads\/2021\/04\/alejandro-luis-esteban-768x432.jpg 768w, https:\/\/blownaway-movie.de\/wp-content\/uploads\/2021\/04\/alejandro-luis-esteban-1536x864.jpg 1536w, https:\/\/blownaway-movie.de\/wp-content\/uploads\/2021\/04\/alejandro-luis-esteban-600x338.jpg 600w, https:\/\/blownaway-movie.de\/wp-content\/uploads\/2021\/04\/alejandro-luis-esteban-1500x844.jpg 1500w\" sizes=\"auto, (max-width: 1920px) 100vw, 1920px\" \/><\/a><\/div><div class=\"staff-entry-details entry-details wpex-boxed wpex-first-mt-0 wpex-last-mb-0 wpex-clr\"><div class=\"match-height-content\"><h2 class=\"staff-entry-title entry-title wpex-mb-5\"><a href=\"https:\/\/blownaway-movie.de\/en\/friends\/alejandro-luis-esteban\/\">Alejandro Luis Esteban<\/a><\/h2><div class=\"staff-entry-categories entry-categories wpex-text-sm wpex-leading-tight wpex-text-3 wpex-child-inherit-color wpex-mb-5\"\"><a class=\"term-113\" href=\"https:\/\/blownaway-movie.de\/en\/friends-tag\/rio\/\">Rio<\/a><\/div><div class=\"staff-entry-social-links wpex-clr\"><div class=\"staff-social wpex-social-btns wpex-mt-10 wpex-last-mr-0\"><\/div><\/div><\/div><\/div><\/div><\/div><\/div><\/div>[\/vc_column][\/vc_row]\n<\/section>","protected":false},"excerpt":{"rendered":"<p>[vc_row][vc_column][vc_column_text] Written and performed by: Luciana de Lucena [\/vc_column_text][\/vc_column][\/vc_row][vc_row][vc_column width=&#8221;1\/2&#8243;][vc_column_text responsive_text=&#8221;true&#8221; font_size=&#8221;24&#8243;]This wonderful song by Luciana de Lucena was recorded with 5 musicians in Brazil, USA and Cuba.[\/vc_column_text][\/vc_column][vc_column width=&#8221;1\/2&#8243;][vc_raw_html]JTNDaWZyYW1lJTIwc3R5bGUlM0QlMjJib3JkZXIlM0ElMjAwJTNCJTIwd2lkdGglM0ElMjAxMDAlMjUlM0IlMjBoZWlnaHQlM0ElMjAxMjBweCUzQiUyMiUyMHNyYyUzRCUyMmh0dHBzJTNBJTJGJTJGYmFuZGNhbXAuY29tJTJGRW1iZWRkZWRQbGF5ZXIlMkZhbGJ1bSUzRDI3MzUwMzQ0NDUlMkZzaXplJTNEbGFyZ2UlMkZiZ2NvbCUzRGZmZmZmZiUyRmxpbmtjb2wlM0QwNjg3ZjUlMkZ0cmFja2xpc3QlM0RmYWxzZSUyRmFydHdvcmslM0RzbWFsbCUyRnRyYWNrJTNEMTI1MTUzNjAzMyUyRnRyYW5zcGFyZW50JTNEdHJ1ZSUyRiUyMiUyMHNlYW1sZXNzJTNFJTNDYSUyMGhyZWYlM0QlMjJodHRwcyUzQSUyRiUyRnNhaWxpbmdjb25kdWN0b3JzLmJhbmRjYW1wLmNvbSUyRmFsYnVtJTJGc29uZ3MtZm9yLW1hcmlhbm5lJTIyJTNFU29uZ3MlMjBmb3IlMjBNYXJpYW5uZSUyMGJ5JTIwU2FpbGluZyUyMENvbmR1Y3RvcnMlM0MlMkZhJTNFJTNDJTJGaWZyYW1lJTNF[\/vc_raw_html][\/vc_column][\/vc_row][vc_row][vc_column][\/vc_column][\/vc_row][vc_row][vc_column width=&#8221;1\/2&#8243;][vc_column_text responsive_text=&#8221;true&#8221; font_size=&#8221;21&#8243;]Pelo v\u00e3o da tarde Tudo pede Mate Biscoito Globo e o sal E se a chuva chega cedo eu tenho muito medo Me escondo&hellip;<\/p>\n","protected":false},"author":1,"featured_media":0,"parent":8186,"menu_order":0,"comment_status":"closed","ping_status":"closed","template":"","meta":{"footnotes":""},"class_list":["post-9853","page","type-page","status-publish","hentry","entry","has-media"],"aioseo_notices":[],"_links":{"self":[{"href":"https:\/\/blownaway-movie.de\/en\/wp-json\/wp\/v2\/pages\/9853","targetHints":{"allow":["GET"]}}],"collection":[{"href":"https:\/\/blownaway-movie.de\/en\/wp-json\/wp\/v2\/pages"}],"about":[{"href":"https:\/\/blownaway-movie.de\/en\/wp-json\/wp\/v2\/types\/page"}],"author":[{"embeddable":true,"href":"https:\/\/blownaway-movie.de\/en\/wp-json\/wp\/v2\/users\/1"}],"replies":[{"embeddable":true,"href":"https:\/\/blownaway-movie.de\/en\/wp-json\/wp\/v2\/comments?post=9853"}],"version-history":[{"count":10,"href":"https:\/\/blownaway-movie.de\/en\/wp-json\/wp\/v2\/pages\/9853\/revisions"}],"predecessor-version":[{"id":10375,"href":"https:\/\/blownaway-movie.de\/en\/wp-json\/wp\/v2\/pages\/9853\/revisions\/10375"}],"up":[{"embeddable":true,"href":"https:\/\/blownaway-movie.de\/en\/wp-json\/wp\/v2\/pages\/8186"}],"wp:attachment":[{"href":"https:\/\/blownaway-movie.de\/en\/wp-json\/wp\/v2\/media?parent=9853"}],"curies":[{"name":"wp","href":"https:\/\/api.w.org\/{rel}","templated":true}]}}